{"id":121,"date":"2025-07-09T12:18:07","date_gmt":"2025-07-09T12:18:07","guid":{"rendered":"https:\/\/foodfetishmag.com\/?page_id=121"},"modified":"2025-07-31T12:14:20","modified_gmt":"2025-07-31T12:14:20","slug":"contac","status":"publish","type":"page","link":"https:\/\/foodfetishmag.com\/es\/contac\/","title":{"rendered":"Contacto"},"content":{"rendered":"<div data-elementor-type=\"wp-page\" data-elementor-id=\"121\" class=\"elementor elementor-121\" data-elementor-post-type=\"page\">\n\t\t\t\t<div class=\"elementor-element elementor-element-2aab4f59 e-con-full e-flex e-con e-parent\" data-id=\"2aab4f59\" data-element_type=\"container\" data-settings=\"{&quot;background_background&quot;:&quot;classic&quot;}\">\n\t\t\t\t<div class=\"elementor-element elementor-element-c74791e elementor-widget elementor-widget-heading\" data-id=\"c74791e\" data-element_type=\"widget\" data-widget_type=\"heading.default\">\n\t\t\t\t\t<h2 class=\"elementor-heading-title elementor-size-default\">Ponte en contacto<\/h2>\t\t\t\t<\/div>\n\t\t\t\t<div class=\"elementor-element elementor-element-4434caea elementor-widget elementor-widget-heading\" data-id=\"4434caea\" data-element_type=\"widget\" data-widget_type=\"heading.default\">\n\t\t\t\t\t<h2 class=\"elementor-heading-title elementor-size-default\">Escr\u00edbenos<\/h2>\t\t\t\t<\/div>\n\t\t\t\t<\/div>\n\t\t<div class=\"elementor-element elementor-element-1b7242eb e-con-full e-flex e-con e-parent\" data-id=\"1b7242eb\" data-element_type=\"container\" data-settings=\"{&quot;background_background&quot;:&quot;classic&quot;}\">\n\t\t<div class=\"elementor-element elementor-element-282ba312 e-con-full e-flex e-con e-child\" data-id=\"282ba312\" data-element_type=\"container\">\n\t\t\t\t<\/div>\n\t\t<div class=\"elementor-element elementor-element-2df2f308 e-flex e-con-boxed e-con e-child\" data-id=\"2df2f308\" data-element_type=\"container\">\n\t\t\t\t\t<div class=\"e-con-inner\">\n\t\t\t\t<div class=\"elementor-element elementor-element-5defc5c4 elementor-widget elementor-widget-text-editor\" data-id=\"5defc5c4\" data-element_type=\"widget\" data-widget_type=\"text-editor.default\">\n\t\t\t\t\t\t\t\t\t<p class=\"translation-block\"><strong>En nuestra revista,<\/strong> queremos escuchar tus ideas y responder tus preguntas. Ya sea que tengas sugerencias para pr\u00f3ximas ediciones o simplemente quieras saber m\u00e1s, estamos aqu\u00ed para ayudarte. Escr\u00edbenos y construyamos juntos un espacio que refleje tus intereses y pasiones.<\/p>\t\t\t\t\t\t\t\t<\/div>\n\t\t\t\t<div class=\"elementor-element elementor-element-2c321135 elementor-widget-divider--view-line elementor-widget elementor-widget-divider\" data-id=\"2c321135\" data-element_type=\"widget\" data-widget_type=\"divider.default\">\n\t\t\t\t\t\t\t<div class=\"elementor-divider\">\n\t\t\t<span class=\"elementor-divider-separator\">\n\t\t\t\t\t\t<\/span>\n\t\t<\/div>\n\t\t\t\t\t\t<\/div>\n\t\t\t\t<div class=\"elementor-element elementor-element-1831101 elementor-widget elementor-widget-text-editor\" data-id=\"1831101\" data-element_type=\"widget\" data-widget_type=\"text-editor.default\">\n\t\t\t\t\t\t\t\t\t<p><strong>O puedes contactarnos directamente<\/strong><\/p><p>hello@foodfetishmag.com<\/p>\t\t\t\t\t\t\t\t<\/div>\n\t\t\t\t<div class=\"elementor-element elementor-element-4a559aee elementor-widget-divider--view-line elementor-widget elementor-widget-divider\" data-id=\"4a559aee\" data-element_type=\"widget\" data-widget_type=\"divider.default\">\n\t\t\t\t\t\t\t<div class=\"elementor-divider\">\n\t\t\t<span class=\"elementor-divider-separator\">\n\t\t\t\t\t\t<\/span>\n\t\t<\/div>\n\t\t\t\t\t\t<\/div>\n\t\t\t\t<div class=\"elementor-element elementor-element-21a661a0 elementor-widget elementor-widget-text-editor\" data-id=\"21a661a0\" data-element_type=\"widget\" data-widget_type=\"text-editor.default\">\n\t\t\t\t\t\t\t\t\t<p><strong>Creadores de contenido que quieran colaborar, por favor cont\u00e1ctenos en:<\/strong><\/p><p>creator@foodfetishmag.com<\/p>\t\t\t\t\t\t\t\t<\/div>\n\t\t\t\t\t<\/div>\n\t\t\t\t<\/div>\n\t\t<div class=\"elementor-element elementor-element-14b30287 e-con-full e-flex e-con e-child\" data-id=\"14b30287\" data-element_type=\"container\">\n\t\t\t\t<div class=\"elementor-element elementor-element-3ec9e082 elementor-widget__width-initial elementor-button-align-stretch elementor-widget elementor-widget-form\" data-id=\"3ec9e082\" data-element_type=\"widget\" data-settings=\"{&quot;step_next_label&quot;:&quot;Next&quot;,&quot;step_previous_label&quot;:&quot;Previous&quot;,&quot;button_width&quot;:&quot;100&quot;,&quot;step_type&quot;:&quot;number_text&quot;,&quot;step_icon_shape&quot;:&quot;circle&quot;}\" data-widget_type=\"form.default\">\n\t\t\t\t\t\t\t<form class=\"elementor-form\" method=\"post\" name=\"New Form\" aria-label=\"New Form\" action=\"\">\n\t\t\t<input type=\"hidden\" name=\"post_id\" value=\"121\"\/>\n\t\t\t<input type=\"hidden\" name=\"form_id\" value=\"3ec9e082\"\/>\n\t\t\t<input type=\"hidden\" name=\"referer_title\" value=\"\" \/>\n\n\t\t\t\n\t\t\t<div class=\"elementor-form-fields-wrapper elementor-labels-above\">\n\t\t\t\t\t\t\t\t<div class=\"elementor-field-type-text elementor-field-group elementor-column elementor-field-group-name elementor-col-100\">\n\t\t\t\t\t\t\t\t\t\t\t\t<label for=\"form-field-name\" class=\"elementor-field-label\">\n\t\t\t\t\t\t\t\tNombre\t\t\t\t\t\t\t<\/label>\n\t\t\t\t\t\t\t\t\t\t\t\t\t\t<input size=\"1\" type=\"text\" name=\"form_fields[name]\" id=\"form-field-name\" class=\"elementor-field elementor-size-sm  elementor-field-textual\" placeholder=\"Nombre\">\n\t\t\t\t\t\t\t\t\t\t\t<\/div>\n\t\t\t\t\t\t\t\t<div class=\"elementor-field-type-email elementor-field-group elementor-column elementor-field-group-email elementor-col-100 elementor-field-required\">\n\t\t\t\t\t\t\t\t\t\t\t\t<label for=\"form-field-email\" class=\"elementor-field-label\">\n\t\t\t\t\t\t\t\tEmail\t\t\t\t\t\t\t<\/label>\n\t\t\t\t\t\t\t\t\t\t\t\t\t\t<input size=\"1\" type=\"email\" name=\"form_fields[email]\" id=\"form-field-email\" class=\"elementor-field elementor-size-sm  elementor-field-textual\" placeholder=\"Email\" required=\"required\">\n\t\t\t\t\t\t\t\t\t\t\t<\/div>\n\t\t\t\t\t\t\t\t<div class=\"elementor-field-type-textarea elementor-field-group elementor-column elementor-field-group-message elementor-col-100\">\n\t\t\t\t\t\t\t\t\t\t\t\t<label for=\"form-field-message\" class=\"elementor-field-label\">\n\t\t\t\t\t\t\t\tMensaje\t\t\t\t\t\t\t<\/label>\n\t\t\t\t\t\t<textarea class=\"elementor-field-textual elementor-field  elementor-size-sm\" name=\"form_fields[message]\" id=\"form-field-message\" rows=\"4\" placeholder=\"Mensaje\"><\/textarea>\t\t\t\t<\/div>\n\t\t\t\t\t\t\t\t<div class=\"elementor-field-group elementor-column elementor-field-type-submit elementor-col-100 e-form__buttons\">\n\t\t\t\t\t<button class=\"elementor-button elementor-size-sm\" type=\"submit\">\n\t\t\t\t\t\t<span class=\"elementor-button-content-wrapper\">\n\t\t\t\t\t\t\t\t\t\t\t\t\t\t\t\t\t\t\t\t\t\t<span class=\"elementor-button-text\">Enviar<\/span>\n\t\t\t\t\t\t\t\t\t\t\t\t\t<\/span>\n\t\t\t\t\t<\/button>\n\t\t\t\t<\/div>\n\t\t\t<\/div>\n\t\t<input type=\"hidden\" name=\"trp-form-language\" value=\"es\"\/><\/form>\n\t\t\t\t\t\t<\/div>\n\t\t\t\t<\/div>\n\t\t<div class=\"elementor-element elementor-element-9db652 e-con-full e-flex e-con e-child\" data-id=\"9db652\" data-element_type=\"container\">\n\t\t\t\t<\/div>\n\t\t\t\t<\/div>\n\t\t<div class=\"elementor-element elementor-element-d00f5b4 e-con-full e-flex e-con e-parent\" data-id=\"d00f5b4\" data-element_type=\"container\" data-settings=\"{&quot;background_background&quot;:&quot;slideshow&quot;,&quot;background_slideshow_gallery&quot;:[{&quot;id&quot;:1059,&quot;url&quot;:&quot;https:\\\/\\\/foodfetishmag.com\\\/wp-content\\\/uploads\\\/2025\\\/07\\\/01.png&quot;},{&quot;id&quot;:1060,&quot;url&quot;:&quot;https:\\\/\\\/foodfetishmag.com\\\/wp-content\\\/uploads\\\/2025\\\/07\\\/02.png&quot;},{&quot;id&quot;:1061,&quot;url&quot;:&quot;https:\\\/\\\/foodfetishmag.com\\\/wp-content\\\/uploads\\\/2025\\\/07\\\/03.jpg&quot;},{&quot;id&quot;:1062,&quot;url&quot;:&quot;https:\\\/\\\/foodfetishmag.com\\\/wp-content\\\/uploads\\\/2025\\\/07\\\/04.png&quot;}],&quot;background_slideshow_loop&quot;:&quot;yes&quot;,&quot;background_slideshow_slide_duration&quot;:5000,&quot;background_slideshow_slide_transition&quot;:&quot;fade&quot;,&quot;background_slideshow_transition_duration&quot;:500}\">\n\t\t\t\t<div class=\"elementor-element elementor-element-ced7122 elementor-testimonial--skin-default elementor-testimonial--layout-image_inline elementor-testimonial--align-center elementor-widget elementor-widget-testimonial-carousel\" data-id=\"ced7122\" data-element_type=\"widget\" data-settings=\"{&quot;slides_per_view&quot;:&quot;1&quot;,&quot;space_between&quot;:{&quot;unit&quot;:&quot;px&quot;,&quot;size&quot;:19,&quot;sizes&quot;:[]},&quot;speed&quot;:500,&quot;autoplay&quot;:&quot;yes&quot;,&quot;autoplay_speed&quot;:5000,&quot;loop&quot;:&quot;yes&quot;,&quot;space_between_tablet&quot;:{&quot;unit&quot;:&quot;px&quot;,&quot;size&quot;:10,&quot;sizes&quot;:[]},&quot;space_between_mobile&quot;:{&quot;unit&quot;:&quot;px&quot;,&quot;size&quot;:10,&quot;sizes&quot;:[]}}\" data-widget_type=\"testimonial-carousel.default\">\n\t\t\t\t\t\t\t\t\t\t<div class=\"elementor-main-swiper swiper\" role=\"region\" aria-roledescription=\"carousel\" aria-label=\"Slides\">\n\t\t\t\t<div class=\"swiper-wrapper\">\n\t\t\t\t\t\t\t\t\t\t\t<div class=\"swiper-slide\" role=\"group\" aria-roledescription=\"slide\">\n\t\t\t\t\t\t\t\t\t<div class=\"elementor-testimonial\">\n\t\t\t\t\t\t<div class=\"elementor-testimonial__footer\">\n\t\t\t\t\t\t\t\t\t<div class=\"elementor-testimonial__image\">\n\t\t\t\t\t\t<img decoding=\"async\" src=\"https:\/\/foodfetishmag.com\/wp-content\/uploads\/2025\/07\/01.png\" alt=\"Sofia&#039;s Secret\">\n\t\t\t\t\t\t\t\t\t\t\t<\/div>\n\t\t\t\t\t\t\t\t<cite class=\"elementor-testimonial__cite\"><span class=\"elementor-testimonial__name\">Sofia's Secret<\/span><span class=\"elementor-testimonial__title\">x.com\/Sofiaxxx_secret<\/span><\/cite>\t\t\t<\/div>\n\t\t<\/div>\n\t\t\t\t\t\t\t\t<\/div>\n\t\t\t\t\t\t\t\t\t\t\t<div class=\"swiper-slide\" role=\"group\" aria-roledescription=\"slide\">\n\t\t\t\t\t\t\t\t\t<div class=\"elementor-testimonial\">\n\t\t\t\t\t\t<div class=\"elementor-testimonial__footer\">\n\t\t\t\t\t\t\t\t\t<div class=\"elementor-testimonial__image\">\n\t\t\t\t\t\t<img decoding=\"async\" src=\"https:\/\/foodfetishmag.com\/wp-content\/uploads\/2025\/07\/02.png\" alt=\"Tsukigamergirl\">\n\t\t\t\t\t\t\t\t\t\t\t<\/div>\n\t\t\t\t\t\t\t\t<cite class=\"elementor-testimonial__cite\"><span class=\"elementor-testimonial__name\">Tsukigamergirl<\/span><span class=\"elementor-testimonial__title\">loyalfans.com\/TsukiGamerGirl<\/span><\/cite>\t\t\t<\/div>\n\t\t<\/div>\n\t\t\t\t\t\t\t\t<\/div>\n\t\t\t\t\t\t\t\t\t\t\t<div class=\"swiper-slide\" role=\"group\" aria-roledescription=\"slide\">\n\t\t\t\t\t\t\t\t\t<div class=\"elementor-testimonial\">\n\t\t\t\t\t\t<div class=\"elementor-testimonial__footer\">\n\t\t\t\t\t\t\t\t\t<div class=\"elementor-testimonial__image\">\n\t\t\t\t\t\t<img decoding=\"async\" src=\"https:\/\/foodfetishmag.com\/wp-content\/uploads\/2025\/07\/03.jpg\" alt=\"Vivian Cox \/ Nicholas Cox\">\n\t\t\t\t\t\t\t\t\t\t\t<\/div>\n\t\t\t\t\t\t\t\t<cite class=\"elementor-testimonial__cite\"><span class=\"elementor-testimonial__name\">Vivian Cox \/ Nicholas Cox<\/span><span class=\"elementor-testimonial__title\">x.com\/NicholasCox_XXX<\/span><\/cite>\t\t\t<\/div>\n\t\t<\/div>\n\t\t\t\t\t\t\t\t<\/div>\n\t\t\t\t\t\t\t\t\t\t\t<div class=\"swiper-slide\" role=\"group\" aria-roledescription=\"slide\">\n\t\t\t\t\t\t\t\t\t<div class=\"elementor-testimonial\">\n\t\t\t\t\t\t<div class=\"elementor-testimonial__footer\">\n\t\t\t\t\t\t\t\t\t<div class=\"elementor-testimonial__image\">\n\t\t\t\t\t\t<img decoding=\"async\" src=\"https:\/\/foodfetishmag.com\/wp-content\/uploads\/2025\/07\/04.png\" alt=\"CJules69\">\n\t\t\t\t\t\t\t\t\t\t\t<\/div>\n\t\t\t\t\t\t\t\t<cite class=\"elementor-testimonial__cite\"><span class=\"elementor-testimonial__name\">CJules69<\/span><span class=\"elementor-testimonial__title\">x.com\/CJules69<\/span><\/cite>\t\t\t<\/div>\n\t\t<\/div>\n\t\t\t\t\t\t\t\t<\/div>\n\t\t\t\t\t\t\t\t\t<\/div>\n\t\t\t\t\t\t\t\t\t\t\t\t\t\t\t\t\t\t\t\t\t<\/div>\n\t\t\t\t\t\t\t\t<\/div>\n\t\t\t\t<div class=\"elementor-element elementor-element-295614f elementor-widget elementor-widget-heading\" data-id=\"295614f\" data-element_type=\"widget\" data-widget_type=\"heading.default\">\n\t\t\t\t\t<h1 class=\"elementor-heading-title elementor-size-default\">Imaginaci\u00f3n sin censura<\/h1>\t\t\t\t<\/div>\n\t\t\t\t<div class=\"elementor-element elementor-element-3f5f143 elementor-align-center elementor-widget elementor-widget-button\" data-id=\"3f5f143\" data-element_type=\"widget\" data-widget_type=\"button.default\">\n\t\t\t\t\t\t\t\t\t\t<a class=\"elementor-button elementor-button-link elementor-size-sm\" href=\"https:\/\/foodfetishmag.com\/es\/magazines\/\">\n\t\t\t\t\t\t<span class=\"elementor-button-content-wrapper\">\n\t\t\t\t\t\t\t\t\t<span class=\"elementor-button-text\">Descubre m\u00e1s<\/span>\n\t\t\t\t\t<\/span>\n\t\t\t\t\t<\/a>\n\t\t\t\t\t\t\t\t<\/div>\n\t\t\t\t<\/div>\n\t\t\t\t<\/div>","protected":false},"excerpt":{"rendered":"<p>Get in touch\u200b Contact At our magazine, we want to hear your ideas and answer your questions. Whether you have [&hellip;]<\/p>","protected":false},"author":1,"featured_media":0,"parent":0,"menu_order":0,"comment_status":"closed","ping_status":"closed","template":"","meta":{"site-sidebar-layout":"no-sidebar","site-content-layout":"","ast-site-content-layout":"full-width-container","site-content-style":"default","site-sidebar-style":"default","ast-global-header-display":"","ast-banner-title-visibility":"","ast-main-header-display":"","ast-hfb-above-header-display":"","ast-hfb-below-header-display":"","ast-hfb-mobile-header-display":"","site-post-title":"disabled","ast-breadcrumbs-content":"","ast-featured-img":"disabled","footer-sml-layout":"","theme-transparent-header-meta":"","adv-header-id-meta":"","stick-header-meta":"","header-above-stick-meta":"","header-main-stick-meta":"","header-below-stick-meta":"","astra-migrate-meta-layouts":"default","ast-page-background-enabled":"default","ast-page-background-meta":{"desktop":{"background-color":"var(--ast-global-color-5)","background-image":"","background-repeat":"repeat","background-position":"center center","background-size":"auto","background-attachment":"scroll","background-type":"","background-media":"","overlay-type":"","overlay-color":"","overlay-opacity":"","overlay-gradient":""},"tablet":{"background-color":"","background-image":"","background-repeat":"repeat","background-position":"center center","background-size":"auto","background-attachment":"scroll","background-type":"","background-media":"","overlay-type":"","overlay-color":"","overlay-opacity":"","overlay-gradient":""},"mobile":{"background-color":"","background-image":"","background-repeat":"repeat","background-position":"center center","background-size":"auto","background-attachment":"scroll","background-type":"","background-media":"","overlay-type":"","overlay-color":"","overlay-opacity":"","overlay-gradient":""}},"ast-content-background-meta":{"desktop":{"background-color":"var(--ast-global-color-4)","background-image":"","background-repeat":"repeat","background-position":"center center","background-size":"auto","background-attachment":"scroll","background-type":"","background-media":"","overlay-type":"","overlay-color":"","overlay-opacity":"","overlay-gradient":""},"tablet":{"background-color":"var(--ast-global-color-4)","background-image":"","background-repeat":"repeat","background-position":"center center","background-size":"auto","background-attachment":"scroll","background-type":"","background-media":"","overlay-type":"","overlay-color":"","overlay-opacity":"","overlay-gradient":""},"mobile":{"background-color":"var(--ast-global-color-4)","background-image":"","background-repeat":"repeat","background-position":"center center","background-size":"auto","background-attachment":"scroll","background-type":"","background-media":"","overlay-type":"","overlay-color":"","overlay-opacity":"","overlay-gradient":""}},"footnotes":""},"class_list":["post-121","page","type-page","status-publish","hentry"],"jetpack_sharing_enabled":true,"_links":{"self":[{"href":"https:\/\/foodfetishmag.com\/es\/wp-json\/wp\/v2\/pages\/121","targetHints":{"allow":["GET"]}}],"collection":[{"href":"https:\/\/foodfetishmag.com\/es\/wp-json\/wp\/v2\/pages"}],"about":[{"href":"https:\/\/foodfetishmag.com\/es\/wp-json\/wp\/v2\/types\/page"}],"author":[{"embeddable":true,"href":"https:\/\/foodfetishmag.com\/es\/wp-json\/wp\/v2\/users\/1"}],"replies":[{"embeddable":true,"href":"https:\/\/foodfetishmag.com\/es\/wp-json\/wp\/v2\/comments?post=121"}],"version-history":[{"count":46,"href":"https:\/\/foodfetishmag.com\/es\/wp-json\/wp\/v2\/pages\/121\/revisions"}],"predecessor-version":[{"id":1084,"href":"https:\/\/foodfetishmag.com\/es\/wp-json\/wp\/v2\/pages\/121\/revisions\/1084"}],"wp:attachment":[{"href":"https:\/\/foodfetishmag.com\/es\/wp-json\/wp\/v2\/media?parent=121"}],"curies":[{"name":"wp","href":"https:\/\/api.w.org\/{rel}","templated":true}]}}