{"id":149,"date":"2025-07-09T12:43:57","date_gmt":"2025-07-09T12:43:57","guid":{"rendered":"https:\/\/foodfetishmag.com\/?page_id=149"},"modified":"2025-08-04T10:28:42","modified_gmt":"2025-08-04T10:28:42","slug":"magazines","status":"publish","type":"page","link":"https:\/\/foodfetishmag.com\/es\/magazines\/","title":{"rendered":"Magazines"},"content":{"rendered":"<div data-elementor-type=\"wp-page\" data-elementor-id=\"149\" class=\"elementor elementor-149\" data-elementor-post-type=\"page\">\n\t\t\t\t<div class=\"elementor-element elementor-element-35a565f e-con-full e-flex e-con e-parent\" data-id=\"35a565f\" data-element_type=\"container\" data-settings=\"{&quot;background_background&quot;:&quot;classic&quot;}\">\n\t\t<div class=\"elementor-element elementor-element-87fcf34 e-con-full e-flex e-con e-child\" data-id=\"87fcf34\" data-element_type=\"container\">\n\t\t\t\t<div class=\"elementor-element elementor-element-47ffbd6 elementor-widget elementor-widget-text-editor\" data-id=\"47ffbd6\" data-element_type=\"widget\" data-widget_type=\"text-editor.default\">\n\t\t\t\t\t\t\t\t\t<style>\n  \/* Tablet: entre 601px y 1024px *\/\n  @media (min-width: 601px) and (max-width: 1024px) {\n    .hero-title {\n      font-size: 70px;\n      line-height: 1.1;\n    }\n    .hero-subtitle {\n      font-size: 16px;\n    }\n  }\n\n  \/* M\u00f3vil: hasta 600px *\/\n  @media (max-width: 600px) {\n    .hero-title {\n      font-size: 50px; \/* AQU\u00cd CAMBIA el tama\u00f1o para m\u00f3vil *\/\n      line-height: 1.2;\n    }\n    .hero-subtitle {\n      font-size: 14px; \/* AQU\u00cd CAMBIA subt\u00edtulo m\u00f3vil *\/\n    }\n  }\n<\/style>\n\n<h1 class=\"hero-title\" style=\"font-family: 'Poppins', sans-serif; font-size: 70px; color: #000000; margin-bottom: 0; line-height: 1; text-align: left;\">\n  Hora de<br><span class=\"choose-part\">decidir:<\/span>\n<\/h1>\n<h3 class=\"hero-subtitle\" style=\"font-family: 'Poppins', sans-serif; font-size: 16px; color: #000000; text-align: left; margin-top: 15px;\">\n  Premium vs. Gratuita\n<\/h3>\n\n\n\t\t\t\t\t\t\t\t<\/div>\n\t\t\t\t<\/div>\n\t\t<div class=\"elementor-element elementor-element-eac88ea e-flex e-con-boxed e-con e-child\" data-id=\"eac88ea\" data-element_type=\"container\">\n\t\t\t\t\t<div class=\"e-con-inner\">\n\t\t<div class=\"elementor-element elementor-element-d8f6107 e-con-full e-flex e-con e-child\" data-id=\"d8f6107\" data-element_type=\"container\">\n\t\t\t\t<div class=\"elementor-element elementor-element-6cee0b4 elementor-widget__width-initial elementor-widget elementor-widget-html\" data-id=\"6cee0b4\" data-element_type=\"widget\" data-widget_type=\"html.default\">\n\t\t\t\t\t<style>\n  \/* Estilos para tablet (hasta 1024px) *\/\n  @media screen and (max-width: 1024px) {\n    .premium-title {\n      font-size: 60px !important;\n      color: white !important;\n    }\n    .premium-desc {\n      font-size: 16px !important;\n      color: white !important;\n    }\n  }\n\n  \/* Estilos para m\u00f3vil (hasta 768px) *\/\n  @media screen and (max-width: 768px) {\n    .premium-title {\n      font-size: 40px !important;\n    }\n    .premium-desc {\n      font-size: 15px !important;\n    }\n  }\n<\/style>\n\n<!-- Secci\u00f3n Premium (fondo rojo) -->\n<div style=\"font-family: 'Poppins', sans-serif; color: white; background-color: #da0d2c; padding: 40px 20px 20px 20px; text-align: center;\">\n  <!-- Icono Corona -->\n  <img decoding=\"async\" style=\"width: 60px; height: auto; margin-bottom: 40px;\" src=\"https:\/\/foodfetishmag.com\/wp-content\/uploads\/2025\/08\/Ic_-04.png\" alt=\"Crown Icon\" \/>\n  <!-- T\u00edtulo \"Premium Version\" -->\n  <h2 class=\"premium-title\" style=\"color: white; font-weight: bold; font-size: 80px; line-height: 1.1; margin-bottom: 25px;\">\n    Versi\u00f3n Premium\n  <\/h2>\n  <!-- Descripci\u00f3n -->\n  <p class=\"premium-desc\" style=\"font-size: 18px; color: white;\">\n    Una evoluci\u00f3n mejorada y refinada de la versi\u00f3n gratuita: mantiene la esencia central, pero ofrece mayor calidad, contenido m\u00e1s exclusivo y una experiencia mucho m\u00e1s completa e inmersiva.\n  <\/p>\n<\/div>\n\n<!-- Secci\u00f3n Beneficios (fondo blanco) -->\n<div style=\"font-family: 'Poppins', sans-serif; color: black; background-color: white; padding: 40px; text-align: left;\">\n  <p style=\"text-align: left; font-size: 14px; line-height: 1.6;\" class=\"translation-block\"><span style=\"color: #da0d2c;font-weight: bold;font-size: 18px\">\u2713 <\/span><strong>Acceso completo sin restricciones:<\/strong> Disfruta de todo el contenido sin secciones bloqueadas ni \u00e1reas ocultas.<\/p>\n  <p style=\"text-align: left; font-size: 14px; line-height: 1.6;\" class=\"translation-block\"><span style=\"color: #da0d2c;font-weight: bold;font-size: 18px\">\u2713 <\/span><strong>Im\u00e1genes de alta calidad y sin censura:<\/strong> Visualiza cada p\u00e1gina tal como fue dise\u00f1ada originalmente\u2014sin recortes ni filtros.<\/p>\n  <p style=\"text-align: left; font-size: 14px; line-height: 1.6;\" class=\"translation-block\"><span style=\"color: #da0d2c;font-weight: bold;font-size: 18px\">\u2713 <\/span><strong>Descarga directa de ediciones completas a doble p\u00e1gina:<\/strong> Guarda ediciones completas en tu dispositivo para verlas en cualquier momento.<\/p>\n  <p style=\"text-align: left; font-size: 14px; line-height: 1.6;\" class=\"translation-block\"><span style=\"color: #da0d2c;font-weight: bold;font-size: 18px\">\u2713 <\/span><strong>Enlaces interactivos y funcionales:<\/strong> Accede al instante a perfiles, videos y enlaces externos directamente desde la revista.<\/p>\n  <p style=\"text-align: left; font-size: 14px; line-height: 1.6;\" class=\"translation-block\"><span style=\"color: #da0d2c;font-weight: bold;font-size: 18px\">\u2713 <\/span><strong>Contenido exclusivo no disponible en la versi\u00f3n gratuita:<\/strong> Disfruta de im\u00e1genes, extras y secciones especiales solo para miembros Premium.<\/p>\n  <p style=\"text-align: left; font-size: 14px; line-height: 1.6;\" class=\"translation-block\"><span style=\"color: #da0d2c;font-weight: bold;font-size: 18px\">\u2713 <\/span><strong>Experiencia sin anuncios:<\/strong> Navega sin interrupciones para una lectura m\u00e1s fluida.<\/p>\n\n  <!-- Bot\u00f3n y imagen -->\n  <div style=\"text-align: center; margin-top: 50px;\">\n    <h6>\n      <a href=\"https:\/\/foodfetishmag.com\/es\/premium-version\/\" style=\"display: inline-block; padding: 10px 20px; background-color: #da0d2c; color: white; text-decoration: none; font-weight: bold; font-family: 'Poppins', sans-serif; border-radius: 30px; margin-bottom: 23px; font-size: 14px;\">\n        Versi\u00f3n Premium\n      <\/a>\n    <\/h6>\n    <img decoding=\"async\" src=\"https:\/\/foodfetishmag.com\/wp-content\/uploads\/2025\/08\/multi_imagenes2.png\" alt=\"Premium Version\" style=\"max-width: 100%; height: auto;\" \/>\n  <\/div>\n<\/div>\n\t\t\t\t<\/div>\n\t\t\t\t<\/div>\n\t\t<div class=\"elementor-element elementor-element-b659fef e-con-full e-flex e-con e-child\" data-id=\"b659fef\" data-element_type=\"container\">\n\t\t\t\t<div class=\"elementor-element elementor-element-afc7374 elementor-widget__width-initial elementor-widget elementor-widget-html\" data-id=\"afc7374\" data-element_type=\"widget\" data-widget_type=\"html.default\">\n\t\t\t\t\t<style>\n  \/* Estilos responsive UNIFICADOS (para ambas versiones) *\/\n  \n  \/* Tablet (769px - 1024px) - Mismos valores para Free y Premium *\/\n  @media (min-width: 769px) and (max-width: 1024px) {\n    .free-h2,\n    .premium-title {\n      font-size: 60px !important;\n      margin-top: 0 !important;\n      line-height: 1.1 !important;\n    }\n    .free-p,\n    .premium-desc {\n      font-size: 16px !important;\n    }\n  }\n\n  \/* M\u00f3vil (481px - 768px) *\/\n  @media (max-width: 768px) and (min-width: 481px) {\n    .free-h2,\n    .premium-title {\n      font-size: 48px !important;\n      margin-top: 0 !important;\n      line-height: 1.1 !important;\n    }\n    .free-p,\n    .premium-desc {\n      font-size: 15px !important;\n    }\n  }\n\n  \/* M\u00f3vil peque\u00f1o (hasta 480px) *\/\n  @media (max-width: 480px) {\n    .free-h2,\n    .premium-title {\n      font-size: 36px !important;\n      margin-top: 0 !important;\n      line-height: 1.1 !important;\n    }\n    .free-p,\n    .premium-desc {\n      font-size: 14px !important;\n    }\n  }\n<\/style>\n\n<!-- Secci\u00f3n Free (azul) -->\n<div style=\"font-family: 'Poppins', sans-serif; color: white; background-color: #046bd2; padding: 40px 20px; text-align: center;\">\n\n  <!-- Icono Free - Mismos valores que Premium -->\n  <img decoding=\"async\" style=\"width: 60px; height: auto; margin-bottom: 25px; display: block; margin-left: auto; margin-right: auto;\" src=\"https:\/\/foodfetishmag.com\/wp-content\/uploads\/2025\/08\/Ic__Mesa-de-trabajo-1.png\" alt=\"Free Icon\" \/>\n\n  <!-- T\u00edtulo - Espaciado id\u00e9ntico al Premium -->\n  <h2 class=\"free-h2\" style=\"color: white; font-weight: bold; font-size: 80px; line-height: 1.1; margin: 0 0 25px 0;\">\n    Versi\u00f3n Gratuita\n  <\/h2>\n\n  <!-- Descripci\u00f3n - Mismas propiedades -->\n  <p class=\"free-p\" style=\"font-size: 18px; color: white; margin: 0;\">\n    La versi\u00f3n gratuita de foodfetishmag te permite disfrutar del contenido b\u00e1sico y de la verdadera esencia de nuestra revista, aunque con algunas limitaciones en comparaci\u00f3n con la suscripci\u00f3n Premium.\n  <\/p>\n<\/div>\n\n<!-- Secci\u00f3n Limitaciones (blanca) -->\n<div style=\"font-family: 'Poppins', sans-serif; color: black; background-color: white; padding: 40px; text-align: left;\">\n\n  <!-- Lista de limitaciones (\u2717 azules) -->\n  <p style=\"text-align: left; font-size: 14px; line-height: 1.6;\" class=\"translation-block\"><span style=\"color: #046bd2;font-weight: bold;font-size: 18px\">\u2717<\/span><strong> Acceso limitado con restricciones:<\/strong> Algunas secciones y contenidos est\u00e1n restringidos o parcialmente ocultos.<\/p>\n  <p style=\"text-align: left; font-size: 14px; line-height: 1.6;\" class=\"translation-block\"><span style=\"color: #046bd2;font-weight: bold;font-size: 18px\">\u2717<\/span><strong> Im\u00e1genes de calidad est\u00e1ndar y censuradas:<\/strong> Algunos visuales pueden incluir recortes o filtros para preservar cierto contenido.<\/p>\n  <p style=\"text-align: left; font-size: 14px; line-height: 1.6;\" class=\"translation-block\"><span style=\"color: #046bd2;font-weight: bold;font-size: 18px\">\u2717<\/span><strong> Sin descarga directa de ediciones completas:<\/strong> El contenido solo puede visualizarse en l\u00ednea.<\/p>\n  <p style=\"text-align: left; font-size: 14px; line-height: 1.6;\" class=\"translation-block\"><span style=\"color: #046bd2;font-weight: bold;font-size: 18px\">\u2717<\/span><strong> Enlaces b\u00e1sicos o no interactivos:<\/strong> El acceso a perfiles, videos y enlaces externos puede ser limitado o no funcionar correctamente.<\/p>\n  <p style=\"text-align: left; font-size: 14px; line-height: 1.6;\" class=\"translation-block\"><span style=\"color: #046bd2;font-weight: bold;font-size: 18px\">\u2717<\/span><strong> Contenido general sin secciones exclusivas:<\/strong> No incluye im\u00e1genes, extras ni funciones especiales reservadas para miembros Premium.<\/p>\n  <p style=\"text-align: left; font-size: 14px; line-height: 1.6;\" class=\"translation-block\"><span style=\"color: #046bd2;font-weight: bold;font-size: 18px\">\u2717<\/span><strong> Experiencia con anuncios:<\/strong> Navega con interrupciones publicitarias que pueden afectar la fluidez de la lectura.<\/p>\n\n  <!-- Bot\u00f3n CTA + Imagen -->\n  <div style=\"text-align: center; margin-top: 30px;\">\n    <h6><a class=\"free-btn\" style=\"display: inline-block; padding: 10px 20px; background-color: #046bd2; color: white; text-decoration: none; font-weight: bold; border-radius: 30px; font-family: 'Poppins', sans-serif; margin-bottom: 20px; font-size: 14px;\" href=\"https:\/\/foodfetishmag.com\/es\/free-version\/\">\n      Versi\u00f3n Gratuita\n    <\/a><\/h6>\n    <img decoding=\"async\" style=\"max-width: 100%; height: auto;\" src=\"https:\/\/foodfetishmag.com\/wp-content\/uploads\/2025\/08\/3-revistas.png\" alt=\"Free Version\" \/>\n\n  <\/div>\n<\/div>\n\t\t\t\t<\/div>\n\t\t\t\t<\/div>\n\t\t\t\t\t<\/div>\n\t\t\t\t<\/div>\n\t\t\t\t<div class=\"elementor-element elementor-element-b91925e elementor-widget elementor-widget-html\" data-id=\"b91925e\" data-element_type=\"widget\" data-widget_type=\"html.default\">\n\t\t\t\t\t<div style=\"font-family: 'Poppins', sans-serif; text-align: center; font-size: 13px; margin: 20px 0;\">\n  <span style=\"text-transform: uppercase; letter-spacing: 1px; font-weight: 700;\">DISFRUTA DE FOODFETISH MAGAZINE<\/span>\n<\/div>\t\t\t\t<\/div>\n\t\t\t\t<\/div>\n\t\t\t\t<\/div>","protected":false},"excerpt":{"rendered":"<p>Time tochoose: Premium version vs Free Version Premium Version An enhanced and refined evolution of the free version: it keeps [&hellip;]<\/p>","protected":false},"author":1,"featured_media":0,"parent":0,"menu_order":0,"comment_status":"closed","ping_status":"closed","template":"","meta":{"site-sidebar-layout":"no-sidebar","site-content-layout":"","ast-site-content-layout":"full-width-container","site-content-style":"default","site-sidebar-style":"default","ast-global-header-display":"","ast-banner-title-visibility":"","ast-main-header-display":"","ast-hfb-above-header-display":"","ast-hfb-below-header-display":"","ast-hfb-mobile-header-display":"","site-post-title":"disabled","ast-breadcrumbs-content":"","ast-featured-img":"disabled","footer-sml-layout":"","theme-transparent-header-meta":"","adv-header-id-meta":"","stick-header-meta":"","header-above-stick-meta":"","header-main-stick-meta":"","header-below-stick-meta":"","astra-migrate-meta-layouts":"default","ast-page-background-enabled":"default","ast-page-background-meta":{"desktop":{"background-color":"var(--ast-global-color-5)","background-image":"","background-repeat":"repeat","background-position":"center center","background-size":"auto","background-attachment":"scroll","background-type":"","background-media":"","overlay-type":"","overlay-color":"","overlay-opacity":"","overlay-gradient":""},"tablet":{"background-color":"","background-image":"","background-repeat":"repeat","background-position":"center center","background-size":"auto","background-attachment":"scroll","background-type":"","background-media":"","overlay-type":"","overlay-color":"","overlay-opacity":"","overlay-gradient":""},"mobile":{"background-color":"","background-image":"","background-repeat":"repeat","background-position":"center center","background-size":"auto","background-attachment":"scroll","background-type":"","background-media":"","overlay-type":"","overlay-color":"","overlay-opacity":"","overlay-gradient":""}},"ast-content-background-meta":{"desktop":{"background-color":"var(--ast-global-color-4)","background-image":"","background-repeat":"repeat","background-position":"center center","background-size":"auto","background-attachment":"scroll","background-type":"","background-media":"","overlay-type":"","overlay-color":"","overlay-opacity":"","overlay-gradient":""},"tablet":{"background-color":"var(--ast-global-color-4)","background-image":"","background-repeat":"repeat","background-position":"center center","background-size":"auto","background-attachment":"scroll","background-type":"","background-media":"","overlay-type":"","overlay-color":"","overlay-opacity":"","overlay-gradient":""},"mobile":{"background-color":"var(--ast-global-color-4)","background-image":"","background-repeat":"repeat","background-position":"center center","background-size":"auto","background-attachment":"scroll","background-type":"","background-media":"","overlay-type":"","overlay-color":"","overlay-opacity":"","overlay-gradient":""}},"footnotes":""},"class_list":["post-149","page","type-page","status-publish","hentry"],"jetpack_sharing_enabled":true,"_links":{"self":[{"href":"https:\/\/foodfetishmag.com\/es\/wp-json\/wp\/v2\/pages\/149","targetHints":{"allow":["GET"]}}],"collection":[{"href":"https:\/\/foodfetishmag.com\/es\/wp-json\/wp\/v2\/pages"}],"about":[{"href":"https:\/\/foodfetishmag.com\/es\/wp-json\/wp\/v2\/types\/page"}],"author":[{"embeddable":true,"href":"https:\/\/foodfetishmag.com\/es\/wp-json\/wp\/v2\/users\/1"}],"replies":[{"embeddable":true,"href":"https:\/\/foodfetishmag.com\/es\/wp-json\/wp\/v2\/comments?post=149"}],"version-history":[{"count":46,"href":"https:\/\/foodfetishmag.com\/es\/wp-json\/wp\/v2\/pages\/149\/revisions"}],"predecessor-version":[{"id":1172,"href":"https:\/\/foodfetishmag.com\/es\/wp-json\/wp\/v2\/pages\/149\/revisions\/1172"}],"wp:attachment":[{"href":"https:\/\/foodfetishmag.com\/es\/wp-json\/wp\/v2\/media?parent=149"}],"curies":[{"name":"wp","href":"https:\/\/api.w.org\/{rel}","templated":true}]}}