{"id":164,"date":"2025-07-09T13:07:19","date_gmt":"2025-07-09T13:07:19","guid":{"rendered":"https:\/\/foodfetishmag.com\/?page_id=164"},"modified":"2025-07-31T19:11:44","modified_gmt":"2025-07-31T19:11:44","slug":"free-version","status":"publish","type":"page","link":"https:\/\/foodfetishmag.com\/es\/free-version\/","title":{"rendered":"Versi\u00f3n Gratuita"},"content":{"rendered":"<div data-elementor-type=\"wp-page\" data-elementor-id=\"164\" class=\"elementor elementor-164\" data-elementor-post-type=\"page\">\n\t\t\t\t<div class=\"elementor-element elementor-element-ee1f31a e-con-full e-flex e-con e-parent\" data-id=\"ee1f31a\" data-element_type=\"container\" data-settings=\"{&quot;background_background&quot;:&quot;classic&quot;}\">\n\t\t<div class=\"elementor-element elementor-element-a97a447 e-con-full e-flex e-con e-child\" data-id=\"a97a447\" data-element_type=\"container\">\n\t\t\t\t<\/div>\n\t\t<div class=\"elementor-element elementor-element-5275382 e-con-full e-flex e-con e-child\" data-id=\"5275382\" data-element_type=\"container\">\n\t\t\t\t<div class=\"elementor-element elementor-element-af2d8e5 elementor-widget elementor-widget-text-editor\" data-id=\"af2d8e5\" data-element_type=\"widget\" data-widget_type=\"text-editor.default\">\n\t\t\t\t\t\t\t\t\t<!-- Fuente Poppins desde Google Fonts -->\n<link href=\"https:\/\/fonts.googleapis.com\/css2?family=Poppins:wght@400;600&#038;display=swap\" rel=\"stylesheet\">\n\n<style>\n.free-magazine {\n  font-family: 'Poppins', sans-serif;\n  color: black;\n}\n\n.free-magazine h2 {\n  font-weight: 400; \/* regular *\/\n  font-size: 2.4em;\n  line-height: 1.2;\n  margin: 0 0 0.8em 0;\n  text-transform: capitalize; \/* solo primera letra may\u00fascula *\/\n}\n\n.free-magazine h2 .blue {\n  color: #046bd2;\n}\n\n.free-magazine h2 .black {\n  color: black;\n}\n\n.free-magazine ul {\n  list-style: none;\n  padding: 0;\n  margin-top: 1em;\n  margin-bottom: 1em;\n}\n\n.free-magazine li {\n  position: relative;\n  padding-left: 1.8em;\n  margin-bottom: 0.6em;\n  font-weight: 400; \/* regular *\/\n  color: black;\n  font-size: 1em;\n}\n\n.free-magazine li::before {\n  content: \"\u2717\";\n  position: absolute;\n  left: 0;\n  color: #046bd2;\n  font-weight: normal;\n  font-size: 1.2em;\n}\n\n.free-magazine .final-text {\n  font-weight: 600; \/* semibold *\/\n  color: black;\n  font-size: 1em;\n  line-height: 1.4;\n  margin-top: 1em;\n}\n<\/style>\n\n<div class=\"free-magazine\">\n  <h2>\n    <span class=\"blue\">Free<\/span> <span class=\"blue\">Revista<\/span> <span class=\"black\">Version<\/span>\n  <\/h2>\n  <ul>\n    <li>Sin enlaces interactivos<\/li>\n    <li>Im\u00e1genes de baja calidad<\/li>\n    <li>Sin opci\u00f3n de descarga<\/li>\n    <li>Algunas secciones est\u00e1n bloqueadas o incompletas<\/li>\n    <li>Partes censuradas con un aviso de \u201cContenido Premium\u201d<\/li>\n  <\/ul>\n  <div class=\"final-text\">\n    Estas ediciones no reflejan la experiencia completa de la versi\u00f3n original. Para acceder a la edici\u00f3n interactiva y de alta calidad, visita nuestra secci\u00f3n premium.\n  <\/div>\n<\/div>\n\t\t\t\t\t\t\t\t<\/div>\n\t\t\t\t<div class=\"elementor-element elementor-element-d85609a elementor-align-left elementor-widget elementor-widget-button\" data-id=\"d85609a\" data-element_type=\"widget\" data-widget_type=\"button.default\">\n\t\t\t\t\t\t\t\t\t\t<a class=\"elementor-button elementor-button-link elementor-size-sm\" href=\"https:\/\/foodfetishmag.com\/es\/premium-version\/\">\n\t\t\t\t\t\t<span class=\"elementor-button-content-wrapper\">\n\t\t\t\t\t\t\t\t\t<span class=\"elementor-button-text\">Versi\u00f3n Premium <\/span>\n\t\t\t\t\t<\/span>\n\t\t\t\t\t<\/a>\n\t\t\t\t\t\t\t\t<\/div>\n\t\t\t\t<\/div>\n\t\t<div class=\"elementor-element elementor-element-4d352fb e-con-full e-flex e-con e-child\" data-id=\"4d352fb\" data-element_type=\"container\">\n\t\t\t\t<\/div>\n\t\t\t\t<\/div>\n\t\t<div class=\"elementor-element elementor-element-15e44a4f e-grid e-con-boxed e-con e-parent\" data-id=\"15e44a4f\" data-element_type=\"container\">\n\t\t\t\t\t<div class=\"e-con-inner\">\n\t\t<div class=\"elementor-element elementor-element-95c6875 e-con-full e-flex e-con e-child\" data-id=\"95c6875\" data-element_type=\"container\">\n\t\t\t\t<div class=\"elementor-element elementor-element-4e6567a elementor-widget elementor-widget-shortcode\" data-id=\"4e6567a\" data-element_type=\"widget\" data-widget_type=\"shortcode.default\">\n\t\t\t\t\t\t\t<div class=\"elementor-shortcode\"><div class=\"real3dflipbook\" id=\"1_69e1b3169452e\" style=\"position:absolute;\"><\/div><\/div>\n\t\t\t\t\t\t<\/div>\n\t\t\t\t<div class=\"elementor-element elementor-element-0785641 elementor-widget elementor-widget-heading\" data-id=\"0785641\" data-element_type=\"widget\" data-widget_type=\"heading.default\">\n\t\t\t\t\t<h2 class=\"elementor-heading-title elementor-size-default\">FFMAG 01<\/h2>\t\t\t\t<\/div>\n\t\t\t\t<\/div>\n\t\t<div class=\"elementor-element elementor-element-16d1e3c e-con-full e-flex e-con e-child\" data-id=\"16d1e3c\" data-element_type=\"container\">\n\t\t\t\t<div class=\"elementor-element elementor-element-8a4757c elementor-widget elementor-widget-shortcode\" data-id=\"8a4757c\" data-element_type=\"widget\" data-widget_type=\"shortcode.default\">\n\t\t\t\t\t\t\t<div class=\"elementor-shortcode\"><div class=\"real3dflipbook\" id=\"1_69e1b31694bb4\" style=\"position:absolute;\"><\/div><\/div>\n\t\t\t\t\t\t<\/div>\n\t\t\t\t<div class=\"elementor-element elementor-element-95f6772 elementor-widget elementor-widget-heading\" data-id=\"95f6772\" data-element_type=\"widget\" data-widget_type=\"heading.default\">\n\t\t\t\t\t<h2 class=\"elementor-heading-title elementor-size-default\">FFMAG 01<\/h2>\t\t\t\t<\/div>\n\t\t\t\t<\/div>\n\t\t<div class=\"elementor-element elementor-element-d46f64c e-con-full e-flex e-con e-child\" data-id=\"d46f64c\" data-element_type=\"container\">\n\t\t\t\t<div class=\"elementor-element elementor-element-96f2b15 elementor-widget elementor-widget-shortcode\" data-id=\"96f2b15\" data-element_type=\"widget\" data-widget_type=\"shortcode.default\">\n\t\t\t\t\t\t\t<div class=\"elementor-shortcode\"><div class=\"real3dflipbook\" id=\"1_69e1b31694f82\" style=\"position:absolute;\"><\/div><\/div>\n\t\t\t\t\t\t<\/div>\n\t\t\t\t<div class=\"elementor-element elementor-element-619adf8 elementor-widget elementor-widget-heading\" data-id=\"619adf8\" data-element_type=\"widget\" data-widget_type=\"heading.default\">\n\t\t\t\t\t<h2 class=\"elementor-heading-title elementor-size-default\">FFMAG 01<\/h2>\t\t\t\t<\/div>\n\t\t\t\t<\/div>\n\t\t<div class=\"elementor-element elementor-element-be11516 e-con-full e-flex e-con e-child\" data-id=\"be11516\" data-element_type=\"container\">\n\t\t\t\t<div class=\"elementor-element elementor-element-e0f82c5 elementor-widget elementor-widget-shortcode\" data-id=\"e0f82c5\" data-element_type=\"widget\" data-widget_type=\"shortcode.default\">\n\t\t\t\t\t\t\t<div class=\"elementor-shortcode\"><div class=\"real3dflipbook\" id=\"1_69e1b316952e1\" style=\"position:absolute;\"><\/div><\/div>\n\t\t\t\t\t\t<\/div>\n\t\t\t\t<div class=\"elementor-element elementor-element-f11c6ba elementor-widget elementor-widget-heading\" data-id=\"f11c6ba\" data-element_type=\"widget\" data-widget_type=\"heading.default\">\n\t\t\t\t\t<h2 class=\"elementor-heading-title elementor-size-default\">FFMAG 01<\/h2>\t\t\t\t<\/div>\n\t\t\t\t<\/div>\n\t\t<div class=\"elementor-element elementor-element-6a7c78d e-con-full e-flex e-con e-child\" data-id=\"6a7c78d\" data-element_type=\"container\">\n\t\t\t\t<div class=\"elementor-element elementor-element-136440b elementor-widget elementor-widget-shortcode\" data-id=\"136440b\" data-element_type=\"widget\" data-widget_type=\"shortcode.default\">\n\t\t\t\t\t\t\t<div class=\"elementor-shortcode\"><div class=\"real3dflipbook\" id=\"1_69e1b31695622\" style=\"position:absolute;\"><\/div><\/div>\n\t\t\t\t\t\t<\/div>\n\t\t\t\t<div class=\"elementor-element elementor-element-05153e3 elementor-widget elementor-widget-heading\" data-id=\"05153e3\" data-element_type=\"widget\" data-widget_type=\"heading.default\">\n\t\t\t\t\t<h2 class=\"elementor-heading-title elementor-size-default\">FFMAG 01<\/h2>\t\t\t\t<\/div>\n\t\t\t\t<\/div>\n\t\t<div class=\"elementor-element elementor-element-21242f8 e-con-full e-flex e-con e-child\" data-id=\"21242f8\" data-element_type=\"container\">\n\t\t\t\t<div class=\"elementor-element elementor-element-8c479cc elementor-widget elementor-widget-shortcode\" data-id=\"8c479cc\" data-element_type=\"widget\" data-widget_type=\"shortcode.default\">\n\t\t\t\t\t\t\t<div class=\"elementor-shortcode\"><div class=\"real3dflipbook\" id=\"1_69e1b31695954\" style=\"position:absolute;\"><\/div><\/div>\n\t\t\t\t\t\t<\/div>\n\t\t\t\t<div class=\"elementor-element elementor-element-acf6ec0 elementor-widget elementor-widget-heading\" data-id=\"acf6ec0\" data-element_type=\"widget\" data-widget_type=\"heading.default\">\n\t\t\t\t\t<h2 class=\"elementor-heading-title elementor-size-default\">FFMAG 01<\/h2>\t\t\t\t<\/div>\n\t\t\t\t<\/div>\n\t\t\t\t\t<\/div>\n\t\t\t\t<\/div>\n\t\t<div class=\"elementor-element elementor-element-17fcd85d e-flex e-con-boxed e-con e-parent\" data-id=\"17fcd85d\" data-element_type=\"container\">\n\t\t\t\t\t<div class=\"e-con-inner\">\n\t\t\t\t\t<\/div>\n\t\t\t\t<\/div>\n\t\t\t\t<\/div>","protected":false},"excerpt":{"rendered":"<p>Free Magazine Version No interactive links Low-quality images No download option Some sections are locked or incomplete Censored parts with [&hellip;]<\/p>","protected":false},"author":1,"featured_media":0,"parent":0,"menu_order":0,"comment_status":"closed","ping_status":"closed","template":"","meta":{"site-sidebar-layout":"no-sidebar","site-content-layout":"","ast-site-content-layout":"full-width-container","site-content-style":"default","site-sidebar-style":"default","ast-global-header-display":"","ast-banner-title-visibility":"","ast-main-header-display":"","ast-hfb-above-header-display":"","ast-hfb-below-header-display":"","ast-hfb-mobile-header-display":"","site-post-title":"disabled","ast-breadcrumbs-content":"","ast-featured-img":"disabled","footer-sml-layout":"","theme-transparent-header-meta":"","adv-header-id-meta":"","stick-header-meta":"","header-above-stick-meta":"","header-main-stick-meta":"","header-below-stick-meta":"","astra-migrate-meta-layouts":"default","ast-page-background-enabled":"default","ast-page-background-meta":{"desktop":{"background-color":"var(--ast-global-color-5)","background-image":"","background-repeat":"repeat","background-position":"center center","background-size":"auto","background-attachment":"scroll","background-type":"","background-media":"","overlay-type":"","overlay-color":"","overlay-opacity":"","overlay-gradient":""},"tablet":{"background-color":"","background-image":"","background-repeat":"repeat","background-position":"center center","background-size":"auto","background-attachment":"scroll","background-type":"","background-media":"","overlay-type":"","overlay-color":"","overlay-opacity":"","overlay-gradient":""},"mobile":{"background-color":"","background-image":"","background-repeat":"repeat","background-position":"center center","background-size":"auto","background-attachment":"scroll","background-type":"","background-media":"","overlay-type":"","overlay-color":"","overlay-opacity":"","overlay-gradient":""}},"ast-content-background-meta":{"desktop":{"background-color":"var(--ast-global-color-4)","background-image":"","background-repeat":"repeat","background-position":"center center","background-size":"auto","background-attachment":"scroll","background-type":"","background-media":"","overlay-type":"","overlay-color":"","overlay-opacity":"","overlay-gradient":""},"tablet":{"background-color":"var(--ast-global-color-4)","background-image":"","background-repeat":"repeat","background-position":"center center","background-size":"auto","background-attachment":"scroll","background-type":"","background-media":"","overlay-type":"","overlay-color":"","overlay-opacity":"","overlay-gradient":""},"mobile":{"background-color":"var(--ast-global-color-4)","background-image":"","background-repeat":"repeat","background-position":"center center","background-size":"auto","background-attachment":"scroll","background-type":"","background-media":"","overlay-type":"","overlay-color":"","overlay-opacity":"","overlay-gradient":""}},"footnotes":""},"class_list":["post-164","page","type-page","status-publish","hentry"],"jetpack_sharing_enabled":true,"_links":{"self":[{"href":"https:\/\/foodfetishmag.com\/es\/wp-json\/wp\/v2\/pages\/164","targetHints":{"allow":["GET"]}}],"collection":[{"href":"https:\/\/foodfetishmag.com\/es\/wp-json\/wp\/v2\/pages"}],"about":[{"href":"https:\/\/foodfetishmag.com\/es\/wp-json\/wp\/v2\/types\/page"}],"author":[{"embeddable":true,"href":"https:\/\/foodfetishmag.com\/es\/wp-json\/wp\/v2\/users\/1"}],"replies":[{"embeddable":true,"href":"https:\/\/foodfetishmag.com\/es\/wp-json\/wp\/v2\/comments?post=164"}],"version-history":[{"count":43,"href":"https:\/\/foodfetishmag.com\/es\/wp-json\/wp\/v2\/pages\/164\/revisions"}],"predecessor-version":[{"id":1095,"href":"https:\/\/foodfetishmag.com\/es\/wp-json\/wp\/v2\/pages\/164\/revisions\/1095"}],"wp:attachment":[{"href":"https:\/\/foodfetishmag.com\/es\/wp-json\/wp\/v2\/media?parent=164"}],"curies":[{"name":"wp","href":"https:\/\/api.w.org\/{rel}","templated":true}]}}