{"id":3,"date":"2025-07-07T06:59:40","date_gmt":"2025-07-07T06:59:40","guid":{"rendered":"http:\/\/foodfetishmag.com\/?page_id=3"},"modified":"2025-07-31T06:46:25","modified_gmt":"2025-07-31T06:46:25","slug":"privacy-policy","status":"publish","type":"page","link":"https:\/\/foodfetishmag.com\/es\/privacy-policy\/","title":{"rendered":"Pol\u00edtica de Privacidad"},"content":{"rendered":"<div data-elementor-type=\"wp-page\" data-elementor-id=\"3\" class=\"elementor elementor-3\" data-elementor-post-type=\"page\">\n\t\t\t\t<div class=\"elementor-element elementor-element-34e2dc9b e-flex e-con-boxed e-con e-parent\" data-id=\"34e2dc9b\" data-element_type=\"container\">\n\t\t\t\t\t<div class=\"e-con-inner\">\n\t\t\t\t<div class=\"elementor-element elementor-element-48d9de83 elementor-widget__width-initial elementor-widget elementor-widget-text-editor\" data-id=\"48d9de83\" data-element_type=\"widget\" data-widget_type=\"text-editor.default\">\n\t\t\t\t\t\t\t\t\t<h2 style=\"font-family: 'Poppins', sans-serif; font-size: 22px; color: #000000;\"><strong>1. Responsable del tratamiento<\/strong><\/h2><p style=\"font-family: 'Poppins', sans-serif; font-size: 14px; color: #000000;\" class=\"translation-block\">El responsable del tratamiento de cualquier informaci\u00f3n personal recogida a trav\u00e9s de este sitio web es el propietario de foodfetishmag.com. Para cualquier pregunta o solicitud relacionada con tus datos personales, puedes contactarnos a trav\u00e9s del formulario de contacto disponible en el sitio o por correo electr\u00f3nico en: <a style=\"color: #e60000\" href=\"mailto:contacto@foodfetishmag.com\" target=\"_self\">hello@foodfetishmag.com<\/a>.<br>Este sitio web se gestiona bajo un alias personal y no es operado por una empresa o entidad legal.<\/p><h2 style=\"font-family: 'Poppins', sans-serif; font-size: 22px; color: #000000;\"><strong>2. Finalidad y base legal del tratamiento de datos<\/strong><\/h2><p style=\"font-family: 'Poppins', sans-serif; font-size: 14px; color: #000000;\" class=\"translation-block\">Este sitio web no solicita datos personales directamente, salvo a trav\u00e9s del formulario de contacto si est\u00e1 disponible. Si se recopilan dichos datos, solo se utilizar\u00e1n para responder a tu consulta o solicitud.<br>La base legal para el tratamiento de datos personales es el consentimiento del usuario al enviar voluntariamente la informaci\u00f3n a trav\u00e9s de nuestros formularios.<br>Actualmente, funciones como el registro de usuarios, suscripci\u00f3n a boletines o creaci\u00f3n de cuentas no est\u00e1n habilitadas.<\/p><h2 style=\"font-family: 'Poppins', sans-serif; font-size: 22px; color: #000000;\"><strong>3. Comentarios y participaci\u00f3n del usuario<\/strong><\/h2><p style=\"font-family: 'Poppins', sans-serif; font-size: 14px; color: #000000;\">En este momento, los comentarios de usuarios y la participaci\u00f3n interactiva (foros, \u201cme gusta\u201d, etc.) est\u00e1n deshabilitados. Si estas funciones se activan en el futuro, cualquier dato enviado (como nombre o correo electr\u00f3nico) ser\u00e1 tratado de forma confidencial y conforme al Reglamento General de Protecci\u00f3n de Datos (RGPD).<\/p><h2 style=\"font-family: 'Poppins', sans-serif; font-size: 22px; color: #000000;\"><strong>4. Cookies<\/strong><\/h2><p style=\"font-family: 'Poppins', sans-serif; font-size: 14px; color: #000000;\" class=\"translation-block\">Este sitio web utiliza cookies con fines t\u00e9cnicos, estad\u00edsticos y funcionales. Algunas cookies son esenciales para el funcionamiento del sitio, mientras que otras nos ayudan a entender el comportamiento de los usuarios mediante herramientas como Google Analytics.<br>Puedes gestionar tus preferencias de cookies o revocar el consentimiento en cualquier momento a trav\u00e9s de la <a style=\"color: #e60000\" href=\"https:\/\/foodfetishmag.com\/es\/cookie-policy\/\" target=\"_self\">Pol\u00edtica de Cookies<\/a>.<\/p><h2 style=\"font-family: 'Poppins', sans-serif; font-size: 22px; color: #000000;\"><strong>5. Enlaces externos y contenido de terceros<\/strong><\/h2><p style=\"font-family: 'Poppins', sans-serif; font-size: 14px; color: #000000;\" class=\"translation-block\">Algunas publicaciones o contenidos en este sitio pueden incluir enlaces externos a plataformas como <a style=\"color: #e60000\" href=\"https:\/\/onlyfans.com\" target=\"_blank\" rel=\"noopener\">OnlyFans<\/a>, <a style=\"color: #e60000\" href=\"https:\/\/www.pornhub.com\" target=\"_blank\" rel=\"noopener\">Pornhub<\/a>, <a style=\"color: #e60000\" href=\"https:\/\/twitter.com\" target=\"_blank\" rel=\"noopener\">X (anteriormente Twitter)<\/a>, y otras plataformas de contenido adulto o redes sociales.<br>Ten en cuenta que no somos responsables de las pr\u00e1cticas de privacidad ni del tratamiento de datos realizados en esas plataformas externas. Recomendamos que los usuarios consulten sus respectivas pol\u00edticas de privacidad antes de interactuar con dicho contenido.<\/p><h2 style=\"font-family: 'Poppins', sans-serif; font-size: 22px; color: #000000;\"><strong>6. Restricciones de edad<\/strong><\/h2><p style=\"font-family: 'Poppins', sans-serif; font-size: 14px; color: #000000;\">Este sitio web est\u00e1 estrictamente destinado a personas mayores de 18 a\u00f1os.<\/p>\t\t\t\t\t\t\t\t<\/div>\n\t\t\t\t\t<\/div>\n\t\t\t\t<\/div>\n\t\t\t\t<\/div>","protected":false},"excerpt":{"rendered":"<p>1. Data Controller The data controller for any personal information collected through this website is the owner of foodfetishmag.com. For [&hellip;]<\/p>","protected":false},"author":1,"featured_media":0,"parent":0,"menu_order":0,"comment_status":"closed","ping_status":"closed","template":"","meta":{"site-sidebar-layout":"default","site-content-layout":"","ast-site-content-layout":"default","site-content-style":"default","site-sidebar-style":"default","ast-global-header-display":"","ast-banner-title-visibility":"","ast-main-header-display":"","ast-hfb-above-header-display":"","ast-hfb-below-header-display":"","ast-hfb-mobile-header-display":"","site-post-title":"","ast-breadcrumbs-content":"","ast-featured-img":"","footer-sml-layout":"","theme-transparent-header-meta":"","adv-header-id-meta":"","stick-header-meta":"","header-above-stick-meta":"","header-main-stick-meta":"","header-below-stick-meta":"","astra-migrate-meta-layouts":"default","ast-page-background-enabled":"default","ast-page-background-meta":{"desktop":{"background-color":"var(--ast-global-color-5)","background-image":"","background-repeat":"repeat","background-position":"center center","background-size":"auto","background-attachment":"scroll","background-type":"","background-media":"","overlay-type":"","overlay-color":"","overlay-opacity":"","overlay-gradient":""},"tablet":{"background-color":"","background-image":"","background-repeat":"repeat","background-position":"center center","background-size":"auto","background-attachment":"scroll","background-type":"","background-media":"","overlay-type":"","overlay-color":"","overlay-opacity":"","overlay-gradient":""},"mobile":{"background-color":"","background-image":"","background-repeat":"repeat","background-position":"center center","background-size":"auto","background-attachment":"scroll","background-type":"","background-media":"","overlay-type":"","overlay-color":"","overlay-opacity":"","overlay-gradient":""}},"ast-content-background-meta":{"desktop":{"background-color":"var(--ast-global-color-4)","background-image":"","background-repeat":"repeat","background-position":"center center","background-size":"auto","background-attachment":"scroll","background-type":"","background-media":"","overlay-type":"","overlay-color":"","overlay-opacity":"","overlay-gradient":""},"tablet":{"background-color":"var(--ast-global-color-4)","background-image":"","background-repeat":"repeat","background-position":"center center","background-size":"auto","background-attachment":"scroll","background-type":"","background-media":"","overlay-type":"","overlay-color":"","overlay-opacity":"","overlay-gradient":""},"mobile":{"background-color":"var(--ast-global-color-4)","background-image":"","background-repeat":"repeat","background-position":"center center","background-size":"auto","background-attachment":"scroll","background-type":"","background-media":"","overlay-type":"","overlay-color":"","overlay-opacity":"","overlay-gradient":""}},"footnotes":""},"class_list":["post-3","page","type-page","status-publish","hentry"],"jetpack_sharing_enabled":true,"_links":{"self":[{"href":"https:\/\/foodfetishmag.com\/es\/wp-json\/wp\/v2\/pages\/3","targetHints":{"allow":["GET"]}}],"collection":[{"href":"https:\/\/foodfetishmag.com\/es\/wp-json\/wp\/v2\/pages"}],"about":[{"href":"https:\/\/foodfetishmag.com\/es\/wp-json\/wp\/v2\/types\/page"}],"author":[{"embeddable":true,"href":"https:\/\/foodfetishmag.com\/es\/wp-json\/wp\/v2\/users\/1"}],"replies":[{"embeddable":true,"href":"https:\/\/foodfetishmag.com\/es\/wp-json\/wp\/v2\/comments?post=3"}],"version-history":[{"count":10,"href":"https:\/\/foodfetishmag.com\/es\/wp-json\/wp\/v2\/pages\/3\/revisions"}],"predecessor-version":[{"id":951,"href":"https:\/\/foodfetishmag.com\/es\/wp-json\/wp\/v2\/pages\/3\/revisions\/951"}],"wp:attachment":[{"href":"https:\/\/foodfetishmag.com\/es\/wp-json\/wp\/v2\/media?parent=3"}],"curies":[{"name":"wp","href":"https:\/\/api.w.org\/{rel}","templated":true}]}}