{"id":499,"date":"2025-07-16T07:28:19","date_gmt":"2025-07-16T07:28:19","guid":{"rendered":"https:\/\/foodfetishmag.com\/?post_type=product&#038;p=499"},"modified":"2025-09-26T12:31:00","modified_gmt":"2025-09-26T12:31:00","slug":"ffmag-01","status":"publish","type":"product","link":"https:\/\/foodfetishmag.com\/es\/producto\/ffmag-01\/","title":{"rendered":"FFMAG 01"},"content":{"rendered":"<style>\n    .descripcion-ffmag {\n        font-family: 'Poppins', sans-serif;\n        font-size: 12px; \/* cambiado a 12px *\/\n        line-height: 1.5;\n    }\n    .descripcion-ffmag h5 {\n        font-size: 15px; \/* mantiene 15px *\/\n        margin-bottom: 6px; \/* menos espacio despu\u00e9s del t\u00edtulo *\/\n    }\n    .descripcion-ffmag p {\n        margin: 0 0 8px 0; \/* elimina saltos excesivos *\/\n    }\n    .descripcion-ffmag ul {\n        margin: 0 0 8px 20px; \/* controla espacio antes\/despu\u00e9s de listas *\/\n        padding-left: 20px;\n    }\n<\/style>\n<div class=\"descripcion-ffmag\">\n<h5>FFMAG Edici\u00f3n Premium N\u00ba1 (Septiembre 2024)<\/h5>\n<p>    Descubre todo lo que esta edici\u00f3n especial tiene para ofrecer:<\/p>\n<ul>\n<li><strong>Acceso completo a todo el contenido.<\/strong><\/li>\n<li><strong>Descarga directa en doble p\u00e1gina para una lectura m\u00e1s c\u00f3moda.<\/strong><\/li>\n<li><strong>Enlaces interactivos que enriquecen la experiencia.<\/strong><\/li>\n<li><strong>M\u00e1s v\u00eddeos y contenido mejorado respecto a la edici\u00f3n gratuita.<\/strong><\/li>\n<\/ul>\n<p>    En este n\u00famero encontrar\u00e1s una selecci\u00f3n de escenas con distintas tem\u00e1ticas food fetish, clasificadas por categor\u00edas:<\/p>\n<ul>\n<li>Producciones de estudios reconocidos.<\/li>\n<li>Escenas seleccionadas del cine porno para adultos.<\/li>\n<li>Lo m\u00e1s destacado del porno japon\u00e9s, con su caracter\u00edstico estilo y esencia.<\/li>\n<li>Contenido amateur y de creadores de contenido m\u00e1s destacados en la actualidad.<\/li>\n<\/ul>\n<h5 style=\"color: #ff0000;\">Bonus especial:<\/h5>\n<p>    Con esta edici\u00f3n recibir\u00e1s una revista adicional de regalo, disponible en la \u00faltima p\u00e1gina de la publicaci\u00f3n.\n<\/p><\/div>","protected":false},"excerpt":{"rendered":"<p>FoodFetishMag No.1 Premium Edition + Bonus Magazine de regalo<\/p>","protected":false},"featured_media":1237,"template":"","meta":{"site-sidebar-layout":"default","site-content-layout":"","ast-site-content-layout":"default","site-content-style":"default","site-sidebar-style":"default","ast-global-header-display":"","ast-banner-title-visibility":"","ast-main-header-display":"","ast-hfb-above-header-display":"","ast-hfb-below-header-display":"","ast-hfb-mobile-header-display":"","site-post-title":"","ast-breadcrumbs-content":"","ast-featured-img":"","footer-sml-layout":"","theme-transparent-header-meta":"default","adv-header-id-meta":"","stick-header-meta":"","header-above-stick-meta":"","header-main-stick-meta":"","header-below-stick-meta":"","astra-migrate-meta-layouts":"set","ast-page-background-enabled":"default","ast-page-background-meta":{"desktop":{"background-color":"var(--ast-global-color-5)","background-image":"","background-repeat":"repeat","background-position":"center center","background-size":"auto","background-attachment":"scroll","background-type":"","background-media":"","overlay-type":"","overlay-color":"","overlay-opacity":"","overlay-gradient":""},"tablet":{"background-color":"","background-image":"","background-repeat":"repeat","background-position":"center center","background-size":"auto","background-attachment":"scroll","background-type":"","background-media":"","overlay-type":"","overlay-color":"","overlay-opacity":"","overlay-gradient":""},"mobile":{"background-color":"","background-image":"","background-repeat":"repeat","background-position":"center center","background-size":"auto","background-attachment":"scroll","background-type":"","background-media":"","overlay-type":"","overlay-color":"","overlay-opacity":"","overlay-gradient":""}},"ast-content-background-meta":{"desktop":{"background-color":"var(--ast-global-color-4)","background-image":"","background-repeat":"repeat","background-position":"center center","background-size":"auto","background-attachment":"scroll","background-type":"","background-media":"","overlay-type":"","overlay-color":"","overlay-opacity":"","overlay-gradient":""},"tablet":{"background-color":"var(--ast-global-color-4)","background-image":"","background-repeat":"repeat","background-position":"center center","background-size":"auto","background-attachment":"scroll","background-type":"","background-media":"","overlay-type":"","overlay-color":"","overlay-opacity":"","overlay-gradient":""},"mobile":{"background-color":"var(--ast-global-color-4)","background-image":"","background-repeat":"repeat","background-position":"center center","background-size":"auto","background-attachment":"scroll","background-type":"","background-media":"","overlay-type":"","overlay-color":"","overlay-opacity":"","overlay-gradient":""}}},"product_brand":[],"product_cat":[44,45],"product_tag":[],"class_list":{"0":"post-499","1":"product","2":"type-product","3":"status-publish","4":"has-post-thumbnail","6":"product_cat-magazine","7":"product_cat-v-01","8":"desktop-align-left","9":"tablet-align-left","10":"mobile-align-left","12":"first","13":"instock","14":"sale","15":"downloadable","16":"virtual","17":"purchasable","18":"product-type-simple"},"jetpack_sharing_enabled":true,"_links":{"self":[{"href":"https:\/\/foodfetishmag.com\/es\/wp-json\/wp\/v2\/product\/499","targetHints":{"allow":["GET"]}}],"collection":[{"href":"https:\/\/foodfetishmag.com\/es\/wp-json\/wp\/v2\/product"}],"about":[{"href":"https:\/\/foodfetishmag.com\/es\/wp-json\/wp\/v2\/types\/product"}],"wp:featuredmedia":[{"embeddable":true,"href":"https:\/\/foodfetishmag.com\/es\/wp-json\/wp\/v2\/media\/1237"}],"wp:attachment":[{"href":"https:\/\/foodfetishmag.com\/es\/wp-json\/wp\/v2\/media?parent=499"}],"wp:term":[{"taxonomy":"product_brand","embeddable":true,"href":"https:\/\/foodfetishmag.com\/es\/wp-json\/wp\/v2\/product_brand?post=499"},{"taxonomy":"product_cat","embeddable":true,"href":"https:\/\/foodfetishmag.com\/es\/wp-json\/wp\/v2\/product_cat?post=499"},{"taxonomy":"product_tag","embeddable":true,"href":"https:\/\/foodfetishmag.com\/es\/wp-json\/wp\/v2\/product_tag?post=499"}],"curies":[{"name":"wp","href":"https:\/\/api.w.org\/{rel}","templated":true}]}}